{"id":6,"date":"2024-08-14T12:32:23","date_gmt":"2024-08-14T12:32:23","guid":{"rendered":"https:\/\/drive-home.test\/?page_id=6"},"modified":"2025-07-27T13:15:14","modified_gmt":"2025-07-27T13:15:14","slug":"domovska-stranka","status":"publish","type":"page","link":"https:\/\/www.drivehome.cz\/","title":{"rendered":"Domovsk\u00e1 str\u00e1nka"},"content":{"rendered":"\n<figure class=\"wp-block-table past_concerts\"><table><tbody><tr><td>17. 8. 2024<\/td><td>14:00<\/td><td>festival D\u0158EVSTOCK (D\u0159ev\u010dice, Dub\u00e1 okr. \u010cesk\u00e1 L\u00edpa)<\/td><\/tr><tr><td>7. 9. 2024<\/td><td><\/td><td>Hudebn\u00ed Minifestival Kl\u00e1novice (Beseda, Slav\u011bt\u00ednsk\u00e1 120, Praha 9-Kl\u00e1novice)<\/td><\/tr><\/tbody><\/table><\/figure>\n\n\n\n<figure class=\"wp-block-table is-style-regular\"><table><tbody><tr><td>23. 10. 2024<\/td><td>19:00<\/td><td>KA\u0160TAN (B\u011blohorsk\u00e1 201, Praha 6)<\/td><\/tr><tr><td>25. 11. 2024<\/td><td>20:00<\/td><td>Na Slamn\u00edku (Wolkerova 12, Praha 6), spolu\u00fa\u010dinkuje skupina NASYCEN<\/td><\/tr><tr><td>16. 8. 2025<\/td><td>14:00<\/td><td>festival D\u0158EVSTOCK (D\u0159ev\u010dice, Dub\u00e1 okr. \u010cesk\u00e1 L\u00edpa)<\/td><\/tr><\/tbody><\/table><\/figure>\n","protected":false},"excerpt":{"rendered":"<p>17. 8. 2024 14:00 festival D\u0158EVSTOCK (D\u0159ev\u010dice, Dub\u00e1 okr. \u010cesk\u00e1 L\u00edpa) 7. 9. 2024 Hudebn\u00ed Minifestival Kl\u00e1novice (Beseda, Slav\u011bt\u00ednsk\u00e1 120, Praha 9-Kl\u00e1novice) 23. 10. 2024 19:00 KA\u0160TAN (B\u011blohorsk\u00e1 201, Praha 6) 25. 11. 2024 20:00 Na Slamn\u00edku (Wolkerova 12, Praha 6), spolu\u00fa\u010dinkuje skupina NASYCEN 16. 8. 2025 14:00 festival D\u0158EVSTOCK (D\u0159ev\u010dice, Dub\u00e1 okr. \u010cesk\u00e1 L\u00edpa)<\/p>\n","protected":false},"author":1,"featured_media":107,"parent":0,"menu_order":0,"comment_status":"closed","ping_status":"closed","template":"","meta":{"_acf_changed":false,"footnotes":""},"class_list":["post-6","page","type-page","status-publish","has-post-thumbnail","hentry"],"acf":[],"_links":{"self":[{"href":"https:\/\/www.drivehome.cz\/index.php?rest_route=\/wp\/v2\/pages\/6","targetHints":{"allow":["GET"]}}],"collection":[{"href":"https:\/\/www.drivehome.cz\/index.php?rest_route=\/wp\/v2\/pages"}],"about":[{"href":"https:\/\/www.drivehome.cz\/index.php?rest_route=\/wp\/v2\/types\/page"}],"author":[{"embeddable":true,"href":"https:\/\/www.drivehome.cz\/index.php?rest_route=\/wp\/v2\/users\/1"}],"replies":[{"embeddable":true,"href":"https:\/\/www.drivehome.cz\/index.php?rest_route=%2Fwp%2Fv2%2Fcomments&post=6"}],"version-history":[{"count":0,"href":"https:\/\/www.drivehome.cz\/index.php?rest_route=\/wp\/v2\/pages\/6\/revisions"}],"wp:featuredmedia":[{"embeddable":true,"href":"https:\/\/www.drivehome.cz\/index.php?rest_route=\/wp\/v2\/media\/107"}],"wp:attachment":[{"href":"https:\/\/www.drivehome.cz\/index.php?rest_route=%2Fwp%2Fv2%2Fmedia&parent=6"}],"curies":[{"name":"wp","href":"https:\/\/api.w.org\/{rel}","templated":true}]}}